{"id":21,"date":"2023-08-28T08:40:18","date_gmt":"2023-08-28T06:40:18","guid":{"rendered":"https:\/\/refyne-group.com\/?page_id=21"},"modified":"2026-03-27T12:59:28","modified_gmt":"2026-03-27T11:59:28","slug":"mentions-legales","status":"publish","type":"page","link":"https:\/\/refyne-group.com\/fr\/impressum\/","title":{"rendered":"Mentions l\u00e9gales"},"content":{"rendered":"<div data-elementor-type=\"wp-page\" data-elementor-id=\"21\" class=\"elementor elementor-21\" data-elementor-post-type=\"page\">\n\t\t\t\t<div class=\"elementor-element elementor-element-7a1ec2f wrapper e-flex e-con-boxed e-con e-parent\" data-id=\"7a1ec2f\" data-element_type=\"container\" data-e-type=\"container\">\n\t\t\t\t\t<div class=\"e-con-inner\">\n\t\t\t\t<div class=\"elementor-element elementor-element-da3fc95 elementor-widget elementor-widget-heading\" data-id=\"da3fc95\" data-element_type=\"widget\" data-e-type=\"widget\" data-widget_type=\"heading.default\">\n\t\t\t\t<div class=\"elementor-widget-container\">\n\t\t\t\t\t<h1 class=\"elementor-heading-title elementor-size-default\">Mentions l\u00e9gales<\/h1>\t\t\t\t<\/div>\n\t\t\t\t<\/div>\n\t\t\t\t<div class=\"elementor-element elementor-element-b45f088 elementor-widget elementor-widget-text-editor\" data-id=\"b45f088\" data-element_type=\"widget\" data-e-type=\"widget\" data-widget_type=\"text-editor.default\">\n\t\t\t\t<div class=\"elementor-widget-container\">\n\t\t\t\t\t\t\t\t\t<p>Informations conform\u00e9ment au \u00a7 5 TMG<\/p><p>refyne GmbH<br \/>174, rue Hanauer Landstra\u00dfe<br \/>60314 Francfort-sur-le-Main<\/p><p>Registre du commerce : HRB 129962<\/p><p>Registre du commerce : Francfort-sur-le-Main<\/p><p>Repr\u00e9sent\u00e9 par :<\/p><p>Dr. Stefan Gutberlet<br \/>Reiner Franz<br \/>Stephan Kelch<\/p><p><strong>Num\u00e9ro de TVA<\/strong><\/p><p>Num\u00e9ro d'identification de la TVA conform\u00e9ment au \u00a7 27 a de la loi sur la TVA<\/p><p><strong>Contact<\/strong><\/p><p>Courrier \u00e9lectronique : <a href=\"mailto:hello@refyne-group.com\">hello@refyne-group.com<\/a><\/p><p><strong>M\u00e9diation des diff\u00e9rends de l'UE<\/strong><\/p><p>La Commission europ\u00e9enne met \u00e0 disposition une plateforme de r\u00e8glement en ligne des litiges (RLL) :\u00a0<a href=\"https:\/\/ec.europa.eu\/consumers\/odr\/\" target=\"_blank\" rel=\"noopener\">https:\/\/ec.europa.eu\/consumers\/odr\/<\/a>.<br \/>Notre adresse e-mail se trouve en haut des mentions l\u00e9gales.<\/p><p><strong>M\u00e9diation de la consommation\/m\u00e9diateur universel<\/strong><\/p><p>Nous ne sommes ni dispos\u00e9s ni tenus de participer \u00e0 des proc\u00e9dures de r\u00e8glement des litiges devant un organisme de m\u00e9diation de la consommation.<\/p>\t\t\t\t\t\t\t\t<\/div>\n\t\t\t\t<\/div>\n\t\t\t\t\t<\/div>\n\t\t\t\t<\/div>\n\t\t\t\t<\/div>","protected":false},"excerpt":{"rendered":"<p>Impressum Angaben gem\u00e4\u00df \u00a7 5 TMG refyne GmbHHanauer Landstra\u00dfe 17460314 Frankfurt am Main Handelsregister: HRB 129962 Registergericht: Frankfurt am Main Vertreten durch: Dr. Stefan GutberletReiner FranzStephan Kelch Umsatzsteuer-ID Umsatzsteuer-Identifikationsnummer gem\u00e4\u00df \u00a7 27 a Umsatzsteuergesetz Kontakt E-Mail: hello@refyne-group.com EU-Streitschlichtung Die Europ\u00e4ische Kommission stellt eine Plattform zur Online-Streitbeilegung (OS) bereit:\u00a0https:\/\/ec.europa.eu\/consumers\/odr\/.Unsere E-Mail-Adresse finden Sie oben im Impressum. Verbraucher\u00adstreit\u00adbeilegung\/Universal\u00adschlichtungs\u00adstelle [&hellip;]<\/p>\n","protected":false},"author":4,"featured_media":0,"parent":0,"menu_order":0,"comment_status":"closed","ping_status":"closed","template":"","meta":{"footnotes":""},"class_list":["post-21","page","type-page","status-publish","hentry"],"_links":{"self":[{"href":"https:\/\/refyne-group.com\/fr\/wp-json\/wp\/v2\/pages\/21","targetHints":{"allow":["GET"]}}],"collection":[{"href":"https:\/\/refyne-group.com\/fr\/wp-json\/wp\/v2\/pages"}],"about":[{"href":"https:\/\/refyne-group.com\/fr\/wp-json\/wp\/v2\/types\/page"}],"author":[{"embeddable":true,"href":"https:\/\/refyne-group.com\/fr\/wp-json\/wp\/v2\/users\/4"}],"replies":[{"embeddable":true,"href":"https:\/\/refyne-group.com\/fr\/wp-json\/wp\/v2\/comments?post=21"}],"version-history":[{"count":10,"href":"https:\/\/refyne-group.com\/fr\/wp-json\/wp\/v2\/pages\/21\/revisions"}],"predecessor-version":[{"id":4229,"href":"https:\/\/refyne-group.com\/fr\/wp-json\/wp\/v2\/pages\/21\/revisions\/4229"}],"wp:attachment":[{"href":"https:\/\/refyne-group.com\/fr\/wp-json\/wp\/v2\/media?parent=21"}],"curies":[{"name":"wp","href":"https:\/\/api.w.org\/{rel}","templated":true}]}}